{"id":6,"date":"2012-05-27T06:24:30","date_gmt":"2012-05-27T06:24:30","guid":{"rendered":"http:\/\/www.my-webspace.at\/kunden\/gruenes-laedchen\/?page_id=6"},"modified":"2017-12-04T14:00:55","modified_gmt":"2017-12-04T14:00:55","slug":"25-jahriges-jubilaum","status":"publish","type":"page","link":"https:\/\/www.gruenes-laedchen.de\/?page_id=6","title":{"rendered":"25-j\u00e4hriges Jubil\u00e4um"},"content":{"rendered":"<div id=\"attachment_37\" style=\"width: 877px\" class=\"wp-caption aligncenter\"><a href=\"https:\/\/my-cdn.at\/Ec12uYC1RihcAFvOQrTZLHntXD4ImBG6AhWUscjdoH2\/image\/jpeg\/25j-karte.jpg\" class=\"thickbox no_icon\"><img loading=\"lazy\" decoding=\"async\" aria-describedby=\"caption-attachment-37\" class=\"wp-image-37 size-full\" title=\"25-j\u00e4hriges Jubil\u00e4um\" src=\"https:\/\/my-cdn.at\/Ec12uYC1RihcAFvOQrTZLHntXD4ImBG6AhWUscjdoH2\/image\/jpeg\/25j-karte.jpg\" alt=\"25-j\u00e4hriges Jubil\u00e4um\" width=\"867\" height=\"616\" srcset=\"https:\/\/my-cdn.at\/Ec12uYC1RihcAFvOQrTZLHntXD4ImBG6AhWUscjdoH2\/image\/jpeg\/25j-karte.jpg 867w, https:\/\/my-cdn.at\/qW6MRSkVhlH4Ca05UQavUdTKOFjMavtNIP.Pw4FNcIQ\/image\/jpeg\/25j-karte-300x213.jpg 300w\" sizes=\"auto, (max-width: 867px) 100vw, 867px\" \/><\/a><p id=\"caption-attachment-37\" class=\"wp-caption-text\">25-j\u00e4hriges Jubil\u00e4um<\/p><\/div>\n<p><strong>25 Jahre Gr\u00fcnes L\u00e4dchen, wie konnte das passieren ?<\/strong><\/p>\n<p>Ungef\u00e4hr ab 1976 trafen sich in Berlin regelm\u00e4\u00dfig junge Leute um zu \u00fcberlegen wie sie die\u00a0Welt verbessern k\u00f6nnten. Parteien, Ideologien, Dogmen das war nichts f\u00fcr uns.\u00a0Bald war klar, dass man am Besten bei sich selbst und den eigenen Lebensumst\u00e4nden anf\u00e4ngt. Die ideale L\u00f6sung schien uns das Leben in einer Landkommune . Keine entfremdete Arbeit, keine vorgegebenen Strukturen, keine Hierarchien, alles selbstbestimmt.<\/p>\n<p>Also suchten wir entlang der \u201e Zonengrenze \u201e in Westdeutschland einen Bauernhof.<\/p>\n<p>Nach langer&#8230;\u00a0Suche in Nord und S\u00fcd fanden wir einen Bauernhof in Machtlos bei Ronshausen. Wir hatten jede Menge zu arbeiten und zu organisieren. Umbauen, Dachdecken, Traktor reparieren, Feld und Garten bestellen, T\u00f6pfern, Weben usw. Aber wenn mehrere Leute an einem Strang ziehen, l\u00e4sst sich fast alles bew\u00e4ltigen.<\/p>\n<p>Wir waren \u00fcbrigens nicht die einzigen, sondern es gab eine Landkommunenbewegung. Einmal im Monat gab es ein Treffen der Landkommunarden dieser Gegend und da kamen \u00fcber 100 Leute zusammen. Wenn wir auch mit wenig Geld auskamen,\u00a0so ging es doch nicht ohne. Produzieren und herstellen konnten wir vieles, das Problem war der Verkauf, daher wollten wir einen Laden er\u00f6ffnen. Am Markt 15 in Bad Hersfeld fanden wir durch Michael Held einen Ladenraum. \u00dcber dem Schaufenster stand in kunstvollem Schriftzug &#8222;<strong>GR\u00dcNES L\u00c4DCHEN<\/strong>&#8222;. Der Name passte zu uns und &#8222;<strong>DIE GR\u00dcNEN<\/strong>&#8220;\u00a0als Partei gab es damals auch noch nicht.<\/p>\n<p>Das Warenangebot umfasste selbst get\u00f6pferte Tonwaren, selbst geschneiderte Kleidung,\u00a0Holzspielzeug, Wolle, Tee, politische Literatur zur Frauenbewegung Antiatom, Anarchismus,\u00a0abgelaugte M\u00f6bel und Indienartikel.<\/p>\n<p>Die Bad Hersfelder Jugend nahm uns freudig auf, brachten wir doch neue Ideen von Berlin mit. Die \u00c4lteren waren eher skeptisch und viele sind es noch heute Der Traum vom zusammen leben und arbeiten war erreicht, aber dieses Leben ist wie bei einer Ehe n\u00e4mlich schwierig. Der eine ist zu spartanisch, die andere zu verschwenderisch, die eine arbeitet zu viel, die andere zu wenig, der eine freut sich wenn Geld in die Kasse kommt, die andere findet es unmoralisch usw. Auch denken und f\u00fchlen\u00a0V\u00e4ter und M\u00fctter anders als diejenigen ohne Kinder.<\/p>\n<p>Es kam zum Bruch.\u00a0Barbara und Manfred mit Tochter Nora fanden einen kleinen Bauernhof in Rotensee. Sie f\u00fchrten den Laden mit einem befreundeten Paar aus Kirchheim weiter, das bis dahin Lederwaren herstellte. Der Rest der Landkommune er\u00f6ffnete in der oberen Frauenstra\u00dfe einen Naturkostladen. Leider reichten die Einnahmen aus dem Gr\u00fcnen L\u00e4dchen nicht um auf Dauer zwei Familien zu ern\u00e4hren, so dass nach wenigen Jahren die Kirchheimer ausschieden und einen Verlag gr\u00fcndeten mit dem sie Erfolg hatten. Wir waren in der Zwischenzeit mit dem Laden in den Hanfsack 5 umgezogen weil das Haus am Markt 13 bauf\u00e4llig war. Seither f\u00fchren wir Barbara Dibowski und Manfred Mayer das Gr\u00fcne L\u00e4dchen alleine . Wir haben mittlerweile 4 Kinder und halten auf unserem Hof Schafe und H\u00fchner, au\u00dferdem hat Barbara die orientalische Tanzgruppe Balady aufgebaut.<\/p>\n","protected":false},"excerpt":{"rendered":"<p>25 Jahre Gr\u00fcnes L\u00e4dchen, wie konnte das passieren ? Ungef\u00e4hr ab 1976 trafen sich in Berlin regelm\u00e4\u00dfig junge Leute um zu \u00fcberlegen wie sie die\u00a0Welt verbessern k\u00f6nnten. Parteien, Ideologien, Dogmen das war nichts f\u00fcr uns.\u00a0Bald war klar, dass man am Besten bei sich selbst und den eigenen Lebensumst\u00e4nden anf\u00e4ngt. Die ideale L\u00f6sung schien uns das [&hellip;]<\/p>\n","protected":false},"author":1,"featured_media":0,"parent":0,"menu_order":0,"comment_status":"closed","ping_status":"closed","template":"","meta":{"footnotes":""},"class_list":["post-6","page","type-page","status-publish","hentry"],"_links":{"self":[{"href":"https:\/\/www.gruenes-laedchen.de\/index.php?rest_route=\/wp\/v2\/pages\/6","targetHints":{"allow":["GET"]}}],"collection":[{"href":"https:\/\/www.gruenes-laedchen.de\/index.php?rest_route=\/wp\/v2\/pages"}],"about":[{"href":"https:\/\/www.gruenes-laedchen.de\/index.php?rest_route=\/wp\/v2\/types\/page"}],"author":[{"embeddable":true,"href":"https:\/\/www.gruenes-laedchen.de\/index.php?rest_route=\/wp\/v2\/users\/1"}],"replies":[{"embeddable":true,"href":"https:\/\/www.gruenes-laedchen.de\/index.php?rest_route=%2Fwp%2Fv2%2Fcomments&post=6"}],"version-history":[{"count":11,"href":"https:\/\/www.gruenes-laedchen.de\/index.php?rest_route=\/wp\/v2\/pages\/6\/revisions"}],"predecessor-version":[{"id":313,"href":"https:\/\/www.gruenes-laedchen.de\/index.php?rest_route=\/wp\/v2\/pages\/6\/revisions\/313"}],"wp:attachment":[{"href":"https:\/\/www.gruenes-laedchen.de\/index.php?rest_route=%2Fwp%2Fv2%2Fmedia&parent=6"}],"curies":[{"name":"wp","href":"https:\/\/api.w.org\/{rel}","templated":true}]}}