{"id":9,"date":"2012-05-27T06:25:35","date_gmt":"2012-05-27T06:25:35","guid":{"rendered":"http:\/\/www.my-webspace.at\/kunden\/gruenes-laedchen\/?page_id=9"},"modified":"2017-12-04T14:01:09","modified_gmt":"2017-12-04T14:01:09","slug":"an-verkauf","status":"publish","type":"page","link":"https:\/\/www.gruenes-laedchen.de\/?page_id=9","title":{"rendered":"An &#038; Verkauf"},"content":{"rendered":"<p><strong>Haushaltsaufl\u00f6sung? Zu wenig Platz auf dem Dachboden? Gerne kaufen wir Ihre Antiken Sch\u00e4tze!<\/strong><\/p>\n<p><strong>M\u00f6bellager Rotensee<\/strong><\/p>\n<p>Zum Gr\u00fcnen L\u00e4dchen geh\u00f6rt auch das M\u00f6bellager Rotensee. Dort finden Sie auf 1000m2 Austelleungsfl\u00e4che eine riesige Auswahl an Antiken M\u00f6beln. Einen kleinen Einblick bekommen Sie in unsere kleinen Antik-Ausstellung im Gr\u00fcnen-L\u00e4dchen.<\/p>\n<p>&nbsp;<\/p>\n<p>Kontaktieren Sie uns oder fragen Sie einfach im Laden nach.<\/p>\n","protected":false},"excerpt":{"rendered":"<p>Haushaltsaufl\u00f6sung? Zu wenig Platz auf dem Dachboden? Gerne kaufen wir Ihre Antiken Sch\u00e4tze! M\u00f6bellager Rotensee Zum Gr\u00fcnen L\u00e4dchen geh\u00f6rt auch das M\u00f6bellager Rotensee. Dort finden Sie auf 1000m2 Austelleungsfl\u00e4che eine riesige Auswahl an Antiken M\u00f6beln. Einen kleinen Einblick bekommen Sie in unsere kleinen Antik-Ausstellung im Gr\u00fcnen-L\u00e4dchen. &nbsp; Kontaktieren Sie uns oder fragen Sie einfach im [&hellip;]<\/p>\n","protected":false},"author":1,"featured_media":0,"parent":0,"menu_order":0,"comment_status":"closed","ping_status":"closed","template":"","meta":{"footnotes":""},"class_list":["post-9","page","type-page","status-publish","hentry"],"_links":{"self":[{"href":"https:\/\/www.gruenes-laedchen.de\/index.php?rest_route=\/wp\/v2\/pages\/9","targetHints":{"allow":["GET"]}}],"collection":[{"href":"https:\/\/www.gruenes-laedchen.de\/index.php?rest_route=\/wp\/v2\/pages"}],"about":[{"href":"https:\/\/www.gruenes-laedchen.de\/index.php?rest_route=\/wp\/v2\/types\/page"}],"author":[{"embeddable":true,"href":"https:\/\/www.gruenes-laedchen.de\/index.php?rest_route=\/wp\/v2\/users\/1"}],"replies":[{"embeddable":true,"href":"https:\/\/www.gruenes-laedchen.de\/index.php?rest_route=%2Fwp%2Fv2%2Fcomments&post=9"}],"version-history":[{"count":2,"href":"https:\/\/www.gruenes-laedchen.de\/index.php?rest_route=\/wp\/v2\/pages\/9\/revisions"}],"predecessor-version":[{"id":55,"href":"https:\/\/www.gruenes-laedchen.de\/index.php?rest_route=\/wp\/v2\/pages\/9\/revisions\/55"}],"wp:attachment":[{"href":"https:\/\/www.gruenes-laedchen.de\/index.php?rest_route=%2Fwp%2Fv2%2Fmedia&parent=9"}],"curies":[{"name":"wp","href":"https:\/\/api.w.org\/{rel}","templated":true}]}}